{"id":553,"date":"2020-04-06T10:25:47","date_gmt":"2020-04-06T09:25:47","guid":{"rendered":"https:\/\/lbtaal.devlr.nl\/?page_id=553"},"modified":"2025-07-25T11:08:42","modified_gmt":"2025-07-25T10:08:42","slug":"euver-us","status":"publish","type":"page","link":"https:\/\/www.limburgs.org\/li\/euver-us\/","title":{"rendered":"Euver Us"},"content":{"rendered":"\t\t<div data-elementor-type=\"wp-page\" data-elementor-id=\"553\" class=\"elementor elementor-553 elementor-20\" data-elementor-post-type=\"page\">\n\t\t\t\t\t\t<section class=\"elementor-section elementor-top-section elementor-element elementor-element-45cbfc8 elementor-section-boxed elementor-section-height-default elementor-section-height-default\" data-id=\"45cbfc8\" data-element_type=\"section\" data-e-type=\"section\" data-settings=\"{&quot;background_background&quot;:&quot;classic&quot;}\">\n\t\t\t\t\t\t<div class=\"elementor-container elementor-column-gap-default\">\n\t\t\t\t\t<div class=\"elementor-column elementor-col-50 elementor-top-column elementor-element elementor-element-b765f19\" data-id=\"b765f19\" data-element_type=\"column\" data-e-type=\"column\">\n\t\t\t<div class=\"elementor-widget-wrap elementor-element-populated\">\n\t\t\t\t\t\t<div class=\"elementor-element elementor-element-3ce34f6 elementor-hidden-phone elementor-widget elementor-widget-spacer\" data-id=\"3ce34f6\" data-element_type=\"widget\" data-e-type=\"widget\" data-widget_type=\"spacer.default\">\n\t\t\t\t<div class=\"elementor-widget-container\">\n\t\t\t\t\t\t\t<div class=\"elementor-spacer\">\n\t\t\t<div class=\"elementor-spacer-inner\"><\/div>\n\t\t<\/div>\n\t\t\t\t\t\t<\/div>\n\t\t\t\t<\/div>\n\t\t\t\t<div class=\"elementor-element elementor-element-d401f42 elementor-widget elementor-widget-text-editor\" data-id=\"d401f42\" data-element_type=\"widget\" data-e-type=\"widget\" data-widget_type=\"text-editor.default\">\n\t\t\t\t<div class=\"elementor-widget-container\">\n\t\t\t\t\t\t\t\t\t<h1 style=\"font-weight: bold; font-size: 2.8em; color: #4a4a4a; margin: 0;\">Limb\u00f6rgse Academie<\/h1><h2 style=\"font-size: 14.2px; color: #4b69a7; margin: 0;\">zelfstandeg naomwoord (vrouwelek) \/\u02c8l\u026amb\u0153\u0280\u0259xs\u0259 \u0251k\u0259\u02c8de\u02d0<sup>2<\/sup>mi\/<\/h2><p>\u00a0<\/p><p>\u2019n non-profit organisatie opgeriech in 2007 um te z\u00f6rge veur intr\u00e8sse in en \u2019t behawwe en wijer oontwikkele vaan de Limb\u00f6rgse taol en al h\u00e4\u00f6r dialekte<\/p>\t\t\t\t\t\t\t\t<\/div>\n\t\t\t\t<\/div>\n\t\t\t\t\t<\/div>\n\t\t<\/div>\n\t\t\t\t<div class=\"elementor-column elementor-col-50 elementor-top-column elementor-element elementor-element-5d8f263\" data-id=\"5d8f263\" data-element_type=\"column\" data-e-type=\"column\">\n\t\t\t<div class=\"elementor-widget-wrap elementor-element-populated\">\n\t\t\t\t\t\t<div class=\"elementor-element elementor-element-b4e7fc8 elementor-hidden-phone elementor-widget elementor-widget-spacer\" data-id=\"b4e7fc8\" data-element_type=\"widget\" data-e-type=\"widget\" data-widget_type=\"spacer.default\">\n\t\t\t\t<div class=\"elementor-widget-container\">\n\t\t\t\t\t\t\t<div class=\"elementor-spacer\">\n\t\t\t<div class=\"elementor-spacer-inner\"><\/div>\n\t\t<\/div>\n\t\t\t\t\t\t<\/div>\n\t\t\t\t<\/div>\n\t\t\t\t<div class=\"elementor-element elementor-element-34c5d1f elementor-widget elementor-widget-image\" data-id=\"34c5d1f\" data-element_type=\"widget\" data-e-type=\"widget\" data-widget_type=\"image.default\">\n\t\t\t\t<div class=\"elementor-widget-container\">\n\t\t\t\t\t\t\t\t\t\t\t\t\t\t\t<img decoding=\"async\" src=\"https:\/\/www.limburgs.org\/wp-content\/uploads\/2020\/04\/B-Academy-Page-Identity-Image.png\" title=\"B-Academy &#8211; Page Identity Image\" alt=\"B-Academy - Page Identity Image\" loading=\"lazy\" \/>\t\t\t\t\t\t\t\t\t\t\t\t\t\t\t<\/div>\n\t\t\t\t<\/div>\n\t\t\t\t<div class=\"elementor-element elementor-element-c6d3954 elementor-hidden-phone elementor-widget elementor-widget-spacer\" data-id=\"c6d3954\" data-element_type=\"widget\" data-e-type=\"widget\" data-widget_type=\"spacer.default\">\n\t\t\t\t<div class=\"elementor-widget-container\">\n\t\t\t\t\t\t\t<div class=\"elementor-spacer\">\n\t\t\t<div class=\"elementor-spacer-inner\"><\/div>\n\t\t<\/div>\n\t\t\t\t\t\t<\/div>\n\t\t\t\t<\/div>\n\t\t\t\t\t<\/div>\n\t\t<\/div>\n\t\t\t\t\t<\/div>\n\t\t<\/section>\n\t\t\t\t<section class=\"elementor-section elementor-top-section elementor-element elementor-element-1468e13 elementor-section-boxed elementor-section-height-default elementor-section-height-default\" data-id=\"1468e13\" data-element_type=\"section\" data-e-type=\"section\">\n\t\t\t\t\t\t<div class=\"elementor-container elementor-column-gap-default\">\n\t\t\t\t\t<div class=\"elementor-column elementor-col-100 elementor-top-column elementor-element elementor-element-7e07b4a\" data-id=\"7e07b4a\" data-element_type=\"column\" data-e-type=\"column\">\n\t\t\t<div class=\"elementor-widget-wrap elementor-element-populated\">\n\t\t\t\t\t\t\t<\/div>\n\t\t<\/div>\n\t\t\t\t\t<\/div>\n\t\t<\/section>\n\t\t\t\t<section class=\"elementor-section elementor-top-section elementor-element elementor-element-2d23ce3 elementor-section-boxed elementor-section-height-default elementor-section-height-default\" data-id=\"2d23ce3\" data-element_type=\"section\" data-e-type=\"section\">\n\t\t\t\t\t\t<div class=\"elementor-container elementor-column-gap-default\">\n\t\t\t\t\t<div class=\"elementor-column elementor-col-66 elementor-top-column elementor-element elementor-element-3613af9\" data-id=\"3613af9\" data-element_type=\"column\" data-e-type=\"column\">\n\t\t\t<div class=\"elementor-widget-wrap elementor-element-populated\">\n\t\t\t\t\t\t<div class=\"elementor-element elementor-element-24127dc elementor-widget elementor-widget-text-editor\" data-id=\"24127dc\" data-element_type=\"widget\" data-e-type=\"widget\" data-widget_type=\"text-editor.default\">\n\t\t\t\t<div class=\"elementor-widget-container\">\n\t\t\t\t\t\t\t\t\t<p style=\"text-align: center;\"><strong>Doneer aon de Limb\u00f6rgse Academie!<br \/><\/strong><\/p><p>De Limb\u00f6rgse Academie oontvingk mer veur \u2019n deil subsidie vaan de euverheid. Es nonprofit kinne veer eur donatie dus good gebruke! Eur steun h\u00f6lp us um \u2019t Limb\u00f6rgs m\u00e8t al zien dialekte ouch in de digitaol media gemekelek bruukbaar te make en leveteg te hawwe!<\/p>\t\t\t\t\t\t\t\t<\/div>\n\t\t\t\t<\/div>\n\t\t\t\t\t<\/div>\n\t\t<\/div>\n\t\t\t\t<div class=\"elementor-column elementor-col-33 elementor-top-column elementor-element elementor-element-d9294b4\" data-id=\"d9294b4\" data-element_type=\"column\" data-e-type=\"column\">\n\t\t\t<div class=\"elementor-widget-wrap elementor-element-populated\">\n\t\t\t\t\t\t<div class=\"elementor-element elementor-element-9fb4ec7 elementor-widget elementor-widget-image\" data-id=\"9fb4ec7\" data-element_type=\"widget\" data-e-type=\"widget\" data-widget_type=\"image.default\">\n\t\t\t\t<div class=\"elementor-widget-container\">\n\t\t\t\t\t\t\t\t\t\t\t\t\t\t\t\t<a href=\"https:\/\/www.limburgs.org\/li\/donatie\">\n\t\t\t\t\t\t\t<img decoding=\"async\" src=\"https:\/\/www.limburgs.org\/wp-content\/uploads\/elementor\/thumbs\/donate-nl-onvjmjrsrs2v1pk3x4zgku2s8r62sy7qtco5gwmww0.png\" title=\"donate-nl\" alt=\"doneer\" loading=\"lazy\" \/>\t\t\t\t\t\t\t\t<\/a>\n\t\t\t\t\t\t\t\t\t\t\t\t\t\t\t<\/div>\n\t\t\t\t<\/div>\n\t\t\t\t\t<\/div>\n\t\t<\/div>\n\t\t\t\t\t<\/div>\n\t\t<\/section>\n\t\t\t\t<section class=\"elementor-section elementor-top-section elementor-element elementor-element-5637899 elementor-section-boxed elementor-section-height-default elementor-section-height-default\" data-id=\"5637899\" data-element_type=\"section\" data-e-type=\"section\">\n\t\t\t\t\t\t<div class=\"elementor-container elementor-column-gap-default\">\n\t\t\t\t\t<div class=\"elementor-column elementor-col-100 elementor-top-column elementor-element elementor-element-d0a5961\" data-id=\"d0a5961\" data-element_type=\"column\" data-e-type=\"column\">\n\t\t\t<div class=\"elementor-widget-wrap elementor-element-populated\">\n\t\t\t\t\t\t<div class=\"elementor-element elementor-element-659d455 elementor-widget elementor-widget-html\" data-id=\"659d455\" data-element_type=\"widget\" data-e-type=\"widget\" data-widget_type=\"html.default\">\n\t\t\t\t<div class=\"elementor-widget-container\">\n\t\t\t\t\t<div class=\"custom-divider\"><\/div>\t\t\t\t<\/div>\n\t\t\t\t<\/div>\n\t\t\t\t\t<\/div>\n\t\t<\/div>\n\t\t\t\t\t<\/div>\n\t\t<\/section>\n\t\t\t\t<section class=\"elementor-section elementor-top-section elementor-element elementor-element-db0707d elementor-section-boxed elementor-section-height-default elementor-section-height-default\" data-id=\"db0707d\" data-element_type=\"section\" data-e-type=\"section\">\n\t\t\t\t\t\t<div class=\"elementor-container elementor-column-gap-default\">\n\t\t\t\t\t<div class=\"elementor-column elementor-col-100 elementor-top-column elementor-element elementor-element-d7c1189\" data-id=\"d7c1189\" data-element_type=\"column\" data-e-type=\"column\">\n\t\t\t<div class=\"elementor-widget-wrap elementor-element-populated\">\n\t\t\t\t\t\t<div class=\"elementor-element elementor-element-c82b993 elementor-widget elementor-widget-text-editor\" data-id=\"c82b993\" data-element_type=\"widget\" data-e-type=\"widget\" data-widget_type=\"text-editor.default\">\n\t\t\t\t<div class=\"elementor-widget-container\">\n\t\t\t\t\t\t\t\t\t<h2 class=\"headline2\">De Limb\u00f6rgse Academie verbint \u2019t Limb\u00f6rgs m\u00e8t d\u2019n digitaole wereld<\/h2><p>De Limb\u00f6rgse Academie verbint \u2019t Limb\u00f6rgs m\u00e8t d\u2019n digitaole wereld. Door gratis digitaol taolprodukte te oontwikkele geve veer Limburgers mie digitaol meugelekhede in hun eige Limb\u00f6rgs dialek. Es nonprofit kinne veer eur steun good gebruke.<\/p><p>De Limb\u00f6rgse Academie is in 2007 opgeriech es stiechting zoonder winsougmerk m\u00e8t zetel in Mestreech (Nederland). Eus doel is \u2019t Limb\u00f6rgs m\u00e8t al zien dialekte te behawwe en wijer te oontwikkele. Daoveur slete veer aon bij de digitaol oontwikkelinge. M\u00e8t digitaol taolprodukte geve veer Limburgssprekers mie digitaol meugelekhede. Zoe weurt \u2019t Limb\u00f6rgs gemekeleker digitaol te gebruke en ziechbaarder. Veer geve oonderzeukers mie digitaol meugelekhede \u2019t Limb\u00f6rgs te bestudere. Zoe slete eus digitaol produkte beter aon bij wie Limb\u00f6rgers hun taol gebruke.<\/p><h2 class=\"headline2\">Doneert of werk m\u00e8t als vrijw\u00e8lleger<\/h2><p>Eus <a href=\"\/li\/bestuur\/\">Team Digitaol Limb\u00f6rgs<\/a> verzamelt tekste en maak ze digitaol gesjik. Eus werk weurt m\u00e8t meugelek gemaak door donaties en h\u00f6lp vaan vrijw\u00e8llegers. Help g\u2019r m\u00e8t? <a href=\"https:\/\/bunq.me\/StichtingLimborgseAcademie\" target=\"_blank\" rel=\"noopener\">Doneert<\/a> of <a href=\"\/li\/kontak\/\">nump kontak op<\/a> veur vrijw\u00e8lleger te zien.<\/p>\t\t\t\t\t\t\t\t<\/div>\n\t\t\t\t<\/div>\n\t\t\t\t\t<\/div>\n\t\t<\/div>\n\t\t\t\t\t<\/div>\n\t\t<\/section>\n\t\t\t\t<\/div>\n\t\t","protected":false},"excerpt":{"rendered":"<p>Limb\u00f6rgse Academie zelfstandeg naomwoord (vrouwelek) \/\u02c8l\u026amb\u0153\u0280\u0259xs\u0259 \u0251k\u0259\u02c8de\u02d02mi\/ \u00a0 \u2019n non-profit organisatie opgeriech in 2007 um te z\u00f6rge veur intr\u00e8sse in en \u2019t behawwe en wijer oontwikkele vaan de Limb\u00f6rgse taol en al h\u00e4\u00f6r dialekte Doneer aon de Limb\u00f6rgse Academie! De Limb\u00f6rgse Academie oontvingk mer veur \u2019n deil subsidie vaan de euverheid. Es nonprofit kinne veer [&hellip;]<\/p>\n","protected":false},"author":1,"featured_media":0,"parent":0,"menu_order":0,"comment_status":"closed","ping_status":"closed","template":"","meta":{"footnotes":""},"class_list":["post-553","page","type-page","status-publish","hentry"],"yoast_head":"<!-- This site is optimized with the Yoast SEO plugin v27.3 - https:\/\/yoast.com\/product\/yoast-seo-wordpress\/ -->\n<title>Euver Us- Limburgse taal &amp; Limburgs dialect | Limburgs.org<\/title>\n<meta name=\"description\" content=\"Euver Us - Non-profit organisatie die zorg draagt voor behoud en de verdere ontwikkeling van de Limburgse taal. Lees meer!\" \/>\n<meta name=\"robots\" content=\"index, follow, max-snippet:-1, max-image-preview:large, max-video-preview:-1\" \/>\n<link rel=\"canonical\" href=\"https:\/\/www.limburgs.org\/li\/euver-us\/\" \/>\n<meta property=\"og:locale\" content=\"li_NL\" \/>\n<meta property=\"og:type\" content=\"article\" \/>\n<meta property=\"og:title\" content=\"Euver Us- Limburgse taal &amp; Limburgs dialect | Limburgs.org\" \/>\n<meta property=\"og:description\" content=\"Euver Us - Non-profit organisatie die zorg draagt voor behoud en de verdere ontwikkeling van de Limburgse taal. Lees meer!\" \/>\n<meta property=\"og:url\" content=\"https:\/\/www.limburgs.org\/li\/euver-us\/\" \/>\n<meta property=\"og:site_name\" content=\"Limb&ouml;rgse Academie\" \/>\n<meta property=\"article:modified_time\" content=\"2025-07-25T10:08:42+00:00\" \/>\n<meta property=\"og:image\" content=\"https:\/\/www.limburgs.org\/wp-content\/uploads\/2020\/04\/B-Academy-Page-Identity-Image.png\" \/>\n<meta name=\"twitter:card\" content=\"summary_large_image\" \/>\n<meta name=\"twitter:label1\" content=\"Est. reading time\" \/>\n\t<meta name=\"twitter:data1\" content=\"1 minute\" \/>\n<script type=\"application\/ld+json\" class=\"yoast-schema-graph\">{\"@context\":\"https:\\\/\\\/schema.org\",\"@graph\":[{\"@type\":\"WebPage\",\"@id\":\"https:\\\/\\\/www.limburgs.org\\\/li\\\/euver-us\\\/\",\"url\":\"https:\\\/\\\/www.limburgs.org\\\/li\\\/euver-us\\\/\",\"name\":\"Euver Us- Limburgse taal & Limburgs dialect | Limburgs.org\",\"isPartOf\":{\"@id\":\"https:\\\/\\\/www.limburgs.org\\\/li\\\/#website\"},\"primaryImageOfPage\":{\"@id\":\"https:\\\/\\\/www.limburgs.org\\\/li\\\/euver-us\\\/#primaryimage\"},\"image\":{\"@id\":\"https:\\\/\\\/www.limburgs.org\\\/li\\\/euver-us\\\/#primaryimage\"},\"thumbnailUrl\":\"https:\\\/\\\/www.limburgs.org\\\/wp-content\\\/uploads\\\/2020\\\/04\\\/B-Academy-Page-Identity-Image.png\",\"datePublished\":\"2020-04-06T09:25:47+00:00\",\"dateModified\":\"2025-07-25T10:08:42+00:00\",\"description\":\"Euver Us - Non-profit organisatie die zorg draagt voor behoud en de verdere ontwikkeling van de Limburgse taal. Lees meer!\",\"breadcrumb\":{\"@id\":\"https:\\\/\\\/www.limburgs.org\\\/li\\\/euver-us\\\/#breadcrumb\"},\"inLanguage\":\"li-NL\",\"potentialAction\":[{\"@type\":\"ReadAction\",\"target\":[\"https:\\\/\\\/www.limburgs.org\\\/li\\\/euver-us\\\/\"]}]},{\"@type\":\"ImageObject\",\"inLanguage\":\"li-NL\",\"@id\":\"https:\\\/\\\/www.limburgs.org\\\/li\\\/euver-us\\\/#primaryimage\",\"url\":\"https:\\\/\\\/www.limburgs.org\\\/wp-content\\\/uploads\\\/2020\\\/04\\\/B-Academy-Page-Identity-Image.png\",\"contentUrl\":\"https:\\\/\\\/www.limburgs.org\\\/wp-content\\\/uploads\\\/2020\\\/04\\\/B-Academy-Page-Identity-Image.png\"},{\"@type\":\"BreadcrumbList\",\"@id\":\"https:\\\/\\\/www.limburgs.org\\\/li\\\/euver-us\\\/#breadcrumb\",\"itemListElement\":[{\"@type\":\"ListItem\",\"position\":1,\"name\":\"Home\",\"item\":\"https:\\\/\\\/www.limburgs.org\\\/li\\\/\"},{\"@type\":\"ListItem\",\"position\":2,\"name\":\"Euver Us\"}]},{\"@type\":\"WebSite\",\"@id\":\"https:\\\/\\\/www.limburgs.org\\\/li\\\/#website\",\"url\":\"https:\\\/\\\/www.limburgs.org\\\/li\\\/\",\"name\":\"Limb&ouml;rgse Academie\",\"description\":\"\",\"publisher\":{\"@id\":\"https:\\\/\\\/www.limburgs.org\\\/li\\\/#organization\"},\"potentialAction\":[{\"@type\":\"SearchAction\",\"target\":{\"@type\":\"EntryPoint\",\"urlTemplate\":\"https:\\\/\\\/www.limburgs.org\\\/li\\\/?s={search_term_string}\"},\"query-input\":{\"@type\":\"PropertyValueSpecification\",\"valueRequired\":true,\"valueName\":\"search_term_string\"}}],\"inLanguage\":\"li-NL\"},{\"@type\":\"Organization\",\"@id\":\"https:\\\/\\\/www.limburgs.org\\\/li\\\/#organization\",\"name\":\"Limb\u00f6rgse Academie\",\"url\":\"https:\\\/\\\/www.limburgs.org\\\/li\\\/\",\"logo\":{\"@type\":\"ImageObject\",\"inLanguage\":\"li-NL\",\"@id\":\"https:\\\/\\\/www.limburgs.org\\\/li\\\/#\\\/schema\\\/logo\\\/image\\\/\",\"url\":\"https:\\\/\\\/www.limburgs.org\\\/wp-content\\\/uploads\\\/2020\\\/03\\\/logoSLA-small.png\",\"contentUrl\":\"https:\\\/\\\/www.limburgs.org\\\/wp-content\\\/uploads\\\/2020\\\/03\\\/logoSLA-small.png\",\"width\":1218,\"height\":554,\"caption\":\"Limb\u00f6rgse Academie\"},\"image\":{\"@id\":\"https:\\\/\\\/www.limburgs.org\\\/li\\\/#\\\/schema\\\/logo\\\/image\\\/\"}}]}<\/script>\n<!-- \/ Yoast SEO plugin. -->","yoast_head_json":{"title":"Euver Us- Limburgse taal & Limburgs dialect | Limburgs.org","description":"Euver Us - Non-profit organisatie die zorg draagt voor behoud en de verdere ontwikkeling van de Limburgse taal. Lees meer!","robots":{"index":"index","follow":"follow","max-snippet":"max-snippet:-1","max-image-preview":"max-image-preview:large","max-video-preview":"max-video-preview:-1"},"canonical":"https:\/\/www.limburgs.org\/li\/euver-us\/","og_locale":"li_NL","og_type":"article","og_title":"Euver Us- Limburgse taal & Limburgs dialect | Limburgs.org","og_description":"Euver Us - Non-profit organisatie die zorg draagt voor behoud en de verdere ontwikkeling van de Limburgse taal. Lees meer!","og_url":"https:\/\/www.limburgs.org\/li\/euver-us\/","og_site_name":"Limb&ouml;rgse Academie","article_modified_time":"2025-07-25T10:08:42+00:00","og_image":[{"url":"https:\/\/www.limburgs.org\/wp-content\/uploads\/2020\/04\/B-Academy-Page-Identity-Image.png","type":"","width":"","height":""}],"twitter_card":"summary_large_image","twitter_misc":{"Est. reading time":"1 minute"},"schema":{"@context":"https:\/\/schema.org","@graph":[{"@type":"WebPage","@id":"https:\/\/www.limburgs.org\/li\/euver-us\/","url":"https:\/\/www.limburgs.org\/li\/euver-us\/","name":"Euver Us- Limburgse taal & Limburgs dialect | Limburgs.org","isPartOf":{"@id":"https:\/\/www.limburgs.org\/li\/#website"},"primaryImageOfPage":{"@id":"https:\/\/www.limburgs.org\/li\/euver-us\/#primaryimage"},"image":{"@id":"https:\/\/www.limburgs.org\/li\/euver-us\/#primaryimage"},"thumbnailUrl":"https:\/\/www.limburgs.org\/wp-content\/uploads\/2020\/04\/B-Academy-Page-Identity-Image.png","datePublished":"2020-04-06T09:25:47+00:00","dateModified":"2025-07-25T10:08:42+00:00","description":"Euver Us - Non-profit organisatie die zorg draagt voor behoud en de verdere ontwikkeling van de Limburgse taal. Lees meer!","breadcrumb":{"@id":"https:\/\/www.limburgs.org\/li\/euver-us\/#breadcrumb"},"inLanguage":"li-NL","potentialAction":[{"@type":"ReadAction","target":["https:\/\/www.limburgs.org\/li\/euver-us\/"]}]},{"@type":"ImageObject","inLanguage":"li-NL","@id":"https:\/\/www.limburgs.org\/li\/euver-us\/#primaryimage","url":"https:\/\/www.limburgs.org\/wp-content\/uploads\/2020\/04\/B-Academy-Page-Identity-Image.png","contentUrl":"https:\/\/www.limburgs.org\/wp-content\/uploads\/2020\/04\/B-Academy-Page-Identity-Image.png"},{"@type":"BreadcrumbList","@id":"https:\/\/www.limburgs.org\/li\/euver-us\/#breadcrumb","itemListElement":[{"@type":"ListItem","position":1,"name":"Home","item":"https:\/\/www.limburgs.org\/li\/"},{"@type":"ListItem","position":2,"name":"Euver Us"}]},{"@type":"WebSite","@id":"https:\/\/www.limburgs.org\/li\/#website","url":"https:\/\/www.limburgs.org\/li\/","name":"Limb&ouml;rgse Academie","description":"","publisher":{"@id":"https:\/\/www.limburgs.org\/li\/#organization"},"potentialAction":[{"@type":"SearchAction","target":{"@type":"EntryPoint","urlTemplate":"https:\/\/www.limburgs.org\/li\/?s={search_term_string}"},"query-input":{"@type":"PropertyValueSpecification","valueRequired":true,"valueName":"search_term_string"}}],"inLanguage":"li-NL"},{"@type":"Organization","@id":"https:\/\/www.limburgs.org\/li\/#organization","name":"Limb\u00f6rgse Academie","url":"https:\/\/www.limburgs.org\/li\/","logo":{"@type":"ImageObject","inLanguage":"li-NL","@id":"https:\/\/www.limburgs.org\/li\/#\/schema\/logo\/image\/","url":"https:\/\/www.limburgs.org\/wp-content\/uploads\/2020\/03\/logoSLA-small.png","contentUrl":"https:\/\/www.limburgs.org\/wp-content\/uploads\/2020\/03\/logoSLA-small.png","width":1218,"height":554,"caption":"Limb\u00f6rgse Academie"},"image":{"@id":"https:\/\/www.limburgs.org\/li\/#\/schema\/logo\/image\/"}}]}},"_links":{"self":[{"href":"https:\/\/www.limburgs.org\/li\/wp-json\/wp\/v2\/pages\/553","targetHints":{"allow":["GET"]}}],"collection":[{"href":"https:\/\/www.limburgs.org\/li\/wp-json\/wp\/v2\/pages"}],"about":[{"href":"https:\/\/www.limburgs.org\/li\/wp-json\/wp\/v2\/types\/page"}],"author":[{"embeddable":true,"href":"https:\/\/www.limburgs.org\/li\/wp-json\/wp\/v2\/users\/1"}],"replies":[{"embeddable":true,"href":"https:\/\/www.limburgs.org\/li\/wp-json\/wp\/v2\/comments?post=553"}],"version-history":[{"count":5,"href":"https:\/\/www.limburgs.org\/li\/wp-json\/wp\/v2\/pages\/553\/revisions"}],"predecessor-version":[{"id":4802,"href":"https:\/\/www.limburgs.org\/li\/wp-json\/wp\/v2\/pages\/553\/revisions\/4802"}],"wp:attachment":[{"href":"https:\/\/www.limburgs.org\/li\/wp-json\/wp\/v2\/media?parent=553"}],"curies":[{"name":"wp","href":"https:\/\/api.w.org\/{rel}","templated":true}]}}