{"id":478,"date":"2020-04-02T14:28:13","date_gmt":"2020-04-02T13:28:13","guid":{"rendered":"https:\/\/lbtaal.devlr.nl\/?page_id=478"},"modified":"2024-07-13T20:17:17","modified_gmt":"2024-07-13T19:17:17","slug":"corpus","status":"publish","type":"page","link":"https:\/\/www.limburgs.org\/li\/corpus\/","title":{"rendered":"Corpus"},"content":{"rendered":"\t\t<div data-elementor-type=\"wp-page\" data-elementor-id=\"478\" class=\"elementor elementor-478 elementor-26\" data-elementor-post-type=\"page\">\n\t\t\t\t\t\t<section class=\"elementor-section elementor-top-section elementor-element elementor-element-d0860e6 elementor-section-boxed elementor-section-height-default elementor-section-height-default\" data-id=\"d0860e6\" data-element_type=\"section\" data-e-type=\"section\" data-settings=\"{&quot;background_background&quot;:&quot;classic&quot;}\">\n\t\t\t\t\t\t<div class=\"elementor-container elementor-column-gap-default\">\n\t\t\t\t\t<div class=\"elementor-column elementor-col-50 elementor-top-column elementor-element elementor-element-b2c3794\" data-id=\"b2c3794\" data-element_type=\"column\" data-e-type=\"column\">\n\t\t\t<div class=\"elementor-widget-wrap elementor-element-populated\">\n\t\t\t\t\t\t<div class=\"elementor-element elementor-element-8a4eb06 elementor-hidden-phone elementor-widget elementor-widget-spacer\" data-id=\"8a4eb06\" data-element_type=\"widget\" data-e-type=\"widget\" data-widget_type=\"spacer.default\">\n\t\t\t\t<div class=\"elementor-widget-container\">\n\t\t\t\t\t\t\t<div class=\"elementor-spacer\">\n\t\t\t<div class=\"elementor-spacer-inner\"><\/div>\n\t\t<\/div>\n\t\t\t\t\t\t<\/div>\n\t\t\t\t<\/div>\n\t\t\t\t<div class=\"elementor-element elementor-element-4535a7c elementor-widget elementor-widget-text-editor\" data-id=\"4535a7c\" data-element_type=\"widget\" data-e-type=\"widget\" data-widget_type=\"text-editor.default\">\n\t\t\t\t<div class=\"elementor-widget-container\">\n\t\t\t\t\t\t\t\t\t<h1 style=\"font-weight: bold; font-size: 2.8em; color: #4a4a4a; margin: 0;\">Limb\u00f6rgs Corpus<\/h1><h2 style=\"font-size: 14.2px; color: #4b69a7; margin: 0;\">zelfstandeg naomwoord (oonzijdeg) \/\u02c8l\u026amb\u0153\u0280\u0259xs \u02c8k\u0254\u02d0<sup>2<\/sup>\u0280\u0259p\u0259s\/<br \/><br \/><\/h2><p>\u2019n biejeinzeumering vaan gesjreve Limb\u00f6rgse tekste opgeslage op \u2019ne computer en gebruuk veur taoloonderzeuk en \u2019t make vaan dictionairs<\/p>\t\t\t\t\t\t\t\t<\/div>\n\t\t\t\t<\/div>\n\t\t\t\t\t<\/div>\n\t\t<\/div>\n\t\t\t\t<div class=\"elementor-column elementor-col-50 elementor-top-column elementor-element elementor-element-012240d\" data-id=\"012240d\" data-element_type=\"column\" data-e-type=\"column\">\n\t\t\t<div class=\"elementor-widget-wrap elementor-element-populated\">\n\t\t\t\t\t\t<div class=\"elementor-element elementor-element-d42518e elementor-widget elementor-widget-image\" data-id=\"d42518e\" data-element_type=\"widget\" data-e-type=\"widget\" data-widget_type=\"image.default\">\n\t\t\t\t<div class=\"elementor-widget-container\">\n\t\t\t\t\t\t\t\t\t\t\t\t\t\t\t<img decoding=\"async\" src=\"https:\/\/www.limburgs.org\/wp-content\/uploads\/2020\/04\/A-Corpus-Page-Identity-Image.png\" title=\"A-Corpus &#8211; Page Identity Image\" alt=\"A-Corpus - Page Identity Image\" loading=\"lazy\" \/>\t\t\t\t\t\t\t\t\t\t\t\t\t\t\t<\/div>\n\t\t\t\t<\/div>\n\t\t\t\t\t<\/div>\n\t\t<\/div>\n\t\t\t\t\t<\/div>\n\t\t<\/section>\n\t\t\t\t<section class=\"elementor-section elementor-top-section elementor-element elementor-element-3776f51 elementor-section-boxed elementor-section-height-default elementor-section-height-default\" data-id=\"3776f51\" data-element_type=\"section\" data-e-type=\"section\">\n\t\t\t\t\t\t<div class=\"elementor-container elementor-column-gap-default\">\n\t\t\t\t\t<div class=\"elementor-column elementor-col-50 elementor-top-column elementor-element elementor-element-117c5a5\" data-id=\"117c5a5\" data-element_type=\"column\" data-e-type=\"column\">\n\t\t\t<div class=\"elementor-widget-wrap elementor-element-populated\">\n\t\t\t\t\t\t<div class=\"elementor-element elementor-element-146f826 elementor-widget-divider--view-line elementor-widget elementor-widget-divider\" data-id=\"146f826\" data-element_type=\"widget\" data-e-type=\"widget\" data-widget_type=\"divider.default\">\n\t\t\t\t<div class=\"elementor-widget-container\">\n\t\t\t\t\t\t\t<div class=\"elementor-divider\">\n\t\t\t<span class=\"elementor-divider-separator\">\n\t\t\t\t\t\t<\/span>\n\t\t<\/div>\n\t\t\t\t\t\t<\/div>\n\t\t\t\t<\/div>\n\t\t\t\t\t<\/div>\n\t\t<\/div>\n\t\t\t\t<div class=\"elementor-column elementor-col-50 elementor-top-column elementor-element elementor-element-33168c6\" data-id=\"33168c6\" data-element_type=\"column\" data-e-type=\"column\">\n\t\t\t<div class=\"elementor-widget-wrap elementor-element-populated\">\n\t\t\t\t\t\t<div class=\"elementor-element elementor-element-524c8ae elementor-widget-divider--view-line elementor-widget elementor-widget-divider\" data-id=\"524c8ae\" data-element_type=\"widget\" data-e-type=\"widget\" data-widget_type=\"divider.default\">\n\t\t\t\t<div class=\"elementor-widget-container\">\n\t\t\t\t\t\t\t<div class=\"elementor-divider\">\n\t\t\t<span class=\"elementor-divider-separator\">\n\t\t\t\t\t\t<\/span>\n\t\t<\/div>\n\t\t\t\t\t\t<\/div>\n\t\t\t\t<\/div>\n\t\t\t\t\t<\/div>\n\t\t<\/div>\n\t\t\t\t\t<\/div>\n\t\t<\/section>\n\t\t\t\t<section class=\"elementor-section elementor-top-section elementor-element elementor-element-103921d elementor-section-boxed elementor-section-height-default elementor-section-height-default\" data-id=\"103921d\" data-element_type=\"section\" data-e-type=\"section\">\n\t\t\t\t\t\t<div class=\"elementor-container elementor-column-gap-default\">\n\t\t\t\t\t<div class=\"elementor-column elementor-col-66 elementor-top-column elementor-element elementor-element-7cae778\" data-id=\"7cae778\" data-element_type=\"column\" data-e-type=\"column\">\n\t\t\t<div class=\"elementor-widget-wrap elementor-element-populated\">\n\t\t\t\t\t\t<div class=\"elementor-element elementor-element-8327063 elementor-widget elementor-widget-text-editor\" data-id=\"8327063\" data-element_type=\"widget\" data-e-type=\"widget\" data-widget_type=\"text-editor.default\">\n\t\t\t\t<div class=\"elementor-widget-container\">\n\t\t\t\t\t\t\t\t\t<p style=\"text-align: center;\"><strong>Veer kinne \u2019t neet zoonder uuch!<\/strong><\/p>\n<p style=\"text-align: center;\">Steun us door eur eige tekste in \u2019t Limb\u00f6rgs te sjikke! Wie mie tekste veer mage gebruke, wie beter eus gratis digitaol taolprodukte goon aonslete bij alle dialekte.<\/p>\t\t\t\t\t\t\t\t<\/div>\n\t\t\t\t<\/div>\n\t\t\t\t\t<\/div>\n\t\t<\/div>\n\t\t\t\t<div class=\"elementor-column elementor-col-33 elementor-top-column elementor-element elementor-element-4bfeb48\" data-id=\"4bfeb48\" data-element_type=\"column\" data-e-type=\"column\">\n\t\t\t<div class=\"elementor-widget-wrap elementor-element-populated\">\n\t\t\t\t\t\t<div class=\"elementor-element elementor-element-a8b0ea8 elementor-align-center elementor-widget elementor-widget-button\" data-id=\"a8b0ea8\" data-element_type=\"widget\" data-e-type=\"widget\" data-widget_type=\"button.default\">\n\t\t\t\t<div class=\"elementor-widget-container\">\n\t\t\t\t\t\t\t\t\t<div class=\"elementor-button-wrapper\">\n\t\t\t\t\t<a class=\"elementor-button elementor-button-link elementor-size-sm\" href=\"\/li\/draag-bie\/\">\n\t\t\t\t\t\t<span class=\"elementor-button-content-wrapper\">\n\t\t\t\t\t\t\t\t\t<span class=\"elementor-button-text\">Sjik us eur eige tekste<\/span>\n\t\t\t\t\t<\/span>\n\t\t\t\t\t<\/a>\n\t\t\t\t<\/div>\n\t\t\t\t\t\t\t\t<\/div>\n\t\t\t\t<\/div>\n\t\t\t\t\t<\/div>\n\t\t<\/div>\n\t\t\t\t\t<\/div>\n\t\t<\/section>\n\t\t\t\t<section class=\"elementor-section elementor-top-section elementor-element elementor-element-cd5154e elementor-section-boxed elementor-section-height-default elementor-section-height-default\" data-id=\"cd5154e\" data-element_type=\"section\" data-e-type=\"section\">\n\t\t\t\t\t\t<div class=\"elementor-container elementor-column-gap-default\">\n\t\t\t\t\t<div class=\"elementor-column elementor-col-50 elementor-top-column elementor-element elementor-element-8a67af5\" data-id=\"8a67af5\" data-element_type=\"column\" data-e-type=\"column\">\n\t\t\t<div class=\"elementor-widget-wrap elementor-element-populated\">\n\t\t\t\t\t\t<div class=\"elementor-element elementor-element-999905b elementor-widget-divider--view-line elementor-widget elementor-widget-divider\" data-id=\"999905b\" data-element_type=\"widget\" data-e-type=\"widget\" data-widget_type=\"divider.default\">\n\t\t\t\t<div class=\"elementor-widget-container\">\n\t\t\t\t\t\t\t<div class=\"elementor-divider\">\n\t\t\t<span class=\"elementor-divider-separator\">\n\t\t\t\t\t\t<\/span>\n\t\t<\/div>\n\t\t\t\t\t\t<\/div>\n\t\t\t\t<\/div>\n\t\t\t\t\t<\/div>\n\t\t<\/div>\n\t\t\t\t<div class=\"elementor-column elementor-col-50 elementor-top-column elementor-element elementor-element-536bd08\" data-id=\"536bd08\" data-element_type=\"column\" data-e-type=\"column\">\n\t\t\t<div class=\"elementor-widget-wrap elementor-element-populated\">\n\t\t\t\t\t\t<div class=\"elementor-element elementor-element-d130f03 elementor-widget-divider--view-line elementor-widget elementor-widget-divider\" data-id=\"d130f03\" data-element_type=\"widget\" data-e-type=\"widget\" data-widget_type=\"divider.default\">\n\t\t\t\t<div class=\"elementor-widget-container\">\n\t\t\t\t\t\t\t<div class=\"elementor-divider\">\n\t\t\t<span class=\"elementor-divider-separator\">\n\t\t\t\t\t\t<\/span>\n\t\t<\/div>\n\t\t\t\t\t\t<\/div>\n\t\t\t\t<\/div>\n\t\t\t\t\t<\/div>\n\t\t<\/div>\n\t\t\t\t\t<\/div>\n\t\t<\/section>\n\t\t\t\t<section class=\"elementor-section elementor-top-section elementor-element elementor-element-a4489c4 elementor-section-boxed elementor-section-height-default elementor-section-height-default\" data-id=\"a4489c4\" data-element_type=\"section\" data-e-type=\"section\">\n\t\t\t\t\t\t<div class=\"elementor-container elementor-column-gap-default\">\n\t\t\t\t\t<div class=\"elementor-column elementor-col-100 elementor-top-column elementor-element elementor-element-847e8e0\" data-id=\"847e8e0\" data-element_type=\"column\" data-e-type=\"column\">\n\t\t\t<div class=\"elementor-widget-wrap elementor-element-populated\">\n\t\t\t\t\t\t<div class=\"elementor-element elementor-element-cb8d45f elementor-widget elementor-widget-text-editor\" data-id=\"cb8d45f\" data-element_type=\"widget\" data-e-type=\"widget\" data-widget_type=\"text-editor.default\">\n\t\t\t\t<div class=\"elementor-widget-container\">\n\t\t\t\t\t\t\t\t\t<p>Veur \u2019t Limb\u00f6rgs Corpus zeuke veer tekste in alle Limb\u00f6rgse dialekte, oetgegeve of neet. Veer verzamele alle sjrieves in \u2019t Limb\u00f6rgs, zoe wie: verh\u00e4\u00f6lselkes, (Sinterklaos-)gediechte, st\u00f6kskes oet de gez\u00e8t, vastelaovendsjrieves, columns, breve, daagbeuk, oonderwiesmatriaole, speeches, kemissiebreefkes (boodsjappebreefkes), scrips vaan kemediest\u00f6kke of musicals, en v\u00e4\u00f6l mie. Ouch digitaol tekste, wie vaan de <a href=\"https:\/\/li.wikipedia.org\/\" target=\"_blank\" rel=\"noopener\">Limb\u00f6rgse Wikipedia<\/a>, WhatsApp-gesprekke, Tweets, enzoewijer.<\/p><p>Partners in Limb\u00f6rg drage tekste bij aon \u2019t Limb\u00f6rgs Corpus, wie de <a href=\"https:\/\/boekenvoormensen.nl\/\" target=\"_blank\" rel=\"noopener\">Stichting Boeken voor Mensen<\/a>. V\u00e4\u00f6l sjrievers h\u00f6bbe tekste touwgesjik. Veer vraoge auteurs sjriftelek touwstumming um tekste veur eus neet-commercieel projek te gebruke. De auteursrechte blieve bij de sjrievers zelf. Oetgevers, wie <a href=\"https:\/\/www.veldeke.net\/lb\/\" target=\"_blank\" rel=\"noopener\">Veldeke Limburg<\/a>, versjeie Veldeke Kring en \u2019t <a href=\"https:\/\/hklimburg.nl\/\" target=\"_blank\" rel=\"noopener\">Hoes veur de Kunste Limburg<\/a>, h\u00f6bbe ouch al permissie gegeve.<\/p><p>Veur \u2019t Limb\u00f6rgs Corpus verzamele veer tekste vaan 1775 tot noe. Veur mie informatie gief \u2019t \u2019n interview bij L1 TV (Limburgstaoleg) en \u2019n <a href=\"https:\/\/www.limburger.nl\/cnt\/dmf20190924_00124362\/wie-helpt-yuri-met-het-zoeken-naar-twintig-miljoen-limburgse-woorden\" target=\"_blank\" rel=\"noopener\">artikel in gez\u00e8t De Limburger<\/a> (Hollandstaoleg).<\/p><p style=\"text-align: center;\"><iframe style=\"width: 768px; height: 432px;\" src=\"https:\/\/limburg.bbvms.com\/p\/L1_video\/c\/3440537.html?inheritDimensions=true&amp;autoPlay=false\" width=\"768\" height=\"432\" frameborder=\"0\" allowfullscreen=\"allowfullscreen\"><\/iframe><\/p>\t\t\t\t\t\t\t\t<\/div>\n\t\t\t\t<\/div>\n\t\t\t\t\t<\/div>\n\t\t<\/div>\n\t\t\t\t\t<\/div>\n\t\t<\/section>\n\t\t\t\t<section class=\"elementor-section elementor-top-section elementor-element elementor-element-8120282 elementor-section-boxed elementor-section-height-default elementor-section-height-default\" data-id=\"8120282\" data-element_type=\"section\" data-e-type=\"section\">\n\t\t\t\t\t\t<div class=\"elementor-container elementor-column-gap-default\">\n\t\t\t\t\t<div class=\"elementor-column elementor-col-100 elementor-top-column elementor-element elementor-element-bca5f4d\" data-id=\"bca5f4d\" data-element_type=\"column\" data-e-type=\"column\">\n\t\t\t<div class=\"elementor-widget-wrap elementor-element-populated\">\n\t\t\t\t\t\t<div class=\"elementor-element elementor-element-334effd level4 elementor-widget elementor-widget-toggle\" data-id=\"334effd\" data-element_type=\"widget\" data-e-type=\"widget\" id=\"corpus-more\" data-widget_type=\"toggle.default\">\n\t\t\t\t<div class=\"elementor-widget-container\">\n\t\t\t\t\t\t\t<div class=\"elementor-toggle\">\n\t\t\t\t\t\t\t<div class=\"elementor-toggle-item\">\n\t\t\t\t\t<div id=\"elementor-tab-title-5381\" class=\"elementor-tab-title\" data-tab=\"1\" role=\"button\" aria-controls=\"elementor-tab-content-5381\" aria-expanded=\"false\">\n\t\t\t\t\t\t\t\t\t\t\t\t<span class=\"elementor-toggle-icon elementor-toggle-icon-right\" aria-hidden=\"true\">\n\t\t\t\t\t\t\t\t\t\t\t\t\t\t\t<span class=\"elementor-toggle-icon-closed\"><i class=\"fas fa-chevron-down\"><\/i><\/span>\n\t\t\t\t\t\t\t\t<span class=\"elementor-toggle-icon-opened\"><i class=\"elementor-toggle-icon-opened fas fa-chevron-up\"><\/i><\/span>\n\t\t\t\t\t\t\t\t\t\t\t\t\t<\/span>\n\t\t\t\t\t\t\t\t\t\t\t\t<a class=\"elementor-toggle-title\" tabindex=\"0\">Lees v\u00e4\u00f6l mie<\/a>\n\t\t\t\t\t<\/div>\n\n\t\t\t\t\t<div id=\"elementor-tab-content-5381\" class=\"elementor-tab-content elementor-clearfix\" data-tab=\"1\" role=\"region\" aria-labelledby=\"elementor-tab-title-5381\"><h2 class=\"headline2\">Touwgaankelekheid Limb\u00f6rgs Corpus veur oonderzeuk<\/h2><p>Eus Limb\u00f6rgs Corpus is in beginsel touwgaankelek veur taoloonderzeukers. Vaanwege auteursrechtelek besjermp matriaol en get persoensgegeves weure in e kontrak condities veur touwgaank aofgesproke. Matriaole mage oonder aandere neet publiek gemaak of verspreid weure. <a href=\"\/li\/contact\/\">Nump kontak m\u00e8t us op<\/a> veur oonderzeuk te doen m\u00e8t eus Limb\u00f6rgs Corpus.<\/p><h2 class=\"headline2\">NLP bew\u00e8rking Limb\u00f6rgs Corpus<\/h2><p>Wijer weure de tekste verw\u00e8rk veur de Digitaol Bibliotheek vaan \u2019t Limburgs en oonderzeuk op taolgebruuk veur de <a href=\"\/li\/dictionair\/\">Limb\u00f6rgsen Dictionair<\/a>. Binne de <a href=\"\/li\/euver-us\/\" target=\"_blank\" rel=\"noopener\">Limb\u00f6rgse Academie<\/a> oontwikkele veer Natural Language Processing (NLP) software um \u2019t Limb\u00f6rgs Corpus digitaol te bew\u00e8rke. Heiveur w\u00e8rke veer ouch same m\u00e8t aander oonderzeukers. Veer zien wijer aongeslote bij de <a href=\"https:\/\/elex.is\/\" target=\"_blank\" rel=\"noopener\">European Lexicographic Infrastructure eLexis<\/a>. Heidoor blieve veer op de huugde vaan en h\u00f6bbe touwgaank tot de nuiste lexicografische software-oontwikkelinge.<\/p><p>Es ierste weurt de spellingsvariatie genormaliseerd: de tekste weure in ein inkel spelling gezat um zoe gemekeleker wijer verw\u00e8rk te kinne weure. Denao volg tokenisatie (opsplitse vaan d\u2019n teks), lemmatisatie (touwvoge vaan d\u2019n dictionairv\u00f6rm bij eder woord) en PoS-tagging (touwvoge vaan de grammaticaol woordsoort bij eder woord). Veur lexicografische analyses gebruke veer Sketch Engine. Euze lexicografischen aonpak weurt in \u2019n <a href=\"https:\/\/elex.link\/elex2017\/wp-content\/uploads\/2017\/09\/paper22.pdf\" target=\"_blank\" rel=\"noopener\">artikel veur eLex<\/a> oetereingelag.<\/p><h2 class=\"headline2\">Digitaol touwpassinge veur \u2019t Limb\u00f6rgs<\/h2><p>M\u00e8t NLP bew\u00e8rking weurt \u2019t Limb\u00f6rgs Corpus verriek. Daodoor weurt \u2019t Limb\u00f6rgs gesjik gemaak veur lexicografische doelindes, digitaol taolkundeg oonderzeuk en wijer digitaol touwpassinge. Ein digitaol touwpassing is \u2019t veurspellend taolmodel veur \u2019t <a href=\"\/li\/toetsebord\/\">Limb\u00f6rgs toetsebord<\/a> veur mobiel applicaties oontwikkeld door Microsoft Swiftkey in samew\u00e8rking m\u00e8t de Limb\u00f6rgse Academie. M\u00e8t \u2019t NLP bew\u00e8rk Limb\u00f6rgs Corpus l\u00e8gke veer \u2019t digitaol fundamint boem\u00e8t wijer taolprodukte veur \u2019t Limb\u00f6rgs oontwikkeld kinne weure, zoe wie spellingcheckers, touwpassinge veur otomatische spraokherkenning, text-to-speech, speech-to-text, taolcursusse en computerondersteunde methodes veur Limb\u00f6rgs te liere, enzoewijer. Dit gief de meugelekheid de taol aon te passe aon de gebruuksvereiste vaan allewijl en de touwkoms um ze leveteg te hawwe en wijer oet te bouwe.<\/p><\/div>\n\t\t\t\t<\/div>\n\t\t\t\t\t\t\t\t<\/div>\n\t\t\t\t\t\t<\/div>\n\t\t\t\t<\/div>\n\t\t\t\t\t<\/div>\n\t\t<\/div>\n\t\t\t\t\t<\/div>\n\t\t<\/section>\n\t\t\t\t<\/div>\n\t\t","protected":false},"excerpt":{"rendered":"<p>Limb\u00f6rgs Corpus zelfstandeg naomwoord (oonzijdeg) \/\u02c8l\u026amb\u0153\u0280\u0259xs \u02c8k\u0254\u02d02\u0280\u0259p\u0259s\/ \u2019n biejeinzeumering vaan gesjreve Limb\u00f6rgse tekste opgeslage op \u2019ne computer en gebruuk veur taoloonderzeuk en \u2019t make vaan dictionairs Veer kinne \u2019t neet zoonder uuch! Steun us door eur eige tekste in \u2019t Limb\u00f6rgs te sjikke! Wie mie tekste veer mage gebruke, wie beter eus gratis digitaol taolprodukte [&hellip;]<\/p>\n","protected":false},"author":1,"featured_media":0,"parent":0,"menu_order":0,"comment_status":"closed","ping_status":"closed","template":"","meta":{"footnotes":""},"class_list":["post-478","page","type-page","status-publish","hentry"],"yoast_head":"<!-- This site is optimized with the Yoast SEO plugin v27.3 - https:\/\/yoast.com\/product\/yoast-seo-wordpress\/ -->\n<title>Corpus- Limburgse taal &amp; Limburgs dialect | Limburgs.org<\/title>\n<meta name=\"description\" content=\"Corpus - Non-profit organisatie die zorg draagt voor behoud en de verdere ontwikkeling van de Limburgse taal. Lees meer!\" \/>\n<meta name=\"robots\" content=\"index, follow, max-snippet:-1, max-image-preview:large, max-video-preview:-1\" \/>\n<link rel=\"canonical\" href=\"https:\/\/www.limburgs.org\/li\/corpus\/\" \/>\n<meta property=\"og:locale\" content=\"li_NL\" \/>\n<meta property=\"og:type\" content=\"article\" \/>\n<meta property=\"og:title\" content=\"Corpus- Limburgse taal &amp; Limburgs dialect | Limburgs.org\" \/>\n<meta property=\"og:description\" content=\"Corpus - Non-profit organisatie die zorg draagt voor behoud en de verdere ontwikkeling van de Limburgse taal. Lees meer!\" \/>\n<meta property=\"og:url\" content=\"https:\/\/www.limburgs.org\/li\/corpus\/\" \/>\n<meta property=\"og:site_name\" content=\"Limb&ouml;rgse Academie\" \/>\n<meta property=\"article:modified_time\" content=\"2024-07-13T19:17:17+00:00\" \/>\n<meta property=\"og:image\" content=\"https:\/\/www.limburgs.org\/wp-content\/uploads\/2020\/04\/A-Corpus-Page-Identity-Image.png\" \/>\n<meta name=\"twitter:card\" content=\"summary_large_image\" \/>\n<meta name=\"twitter:label1\" content=\"Est. reading time\" \/>\n\t<meta name=\"twitter:data1\" content=\"3 minutes\" \/>\n<script type=\"application\/ld+json\" class=\"yoast-schema-graph\">{\"@context\":\"https:\\\/\\\/schema.org\",\"@graph\":[{\"@type\":\"WebPage\",\"@id\":\"https:\\\/\\\/www.limburgs.org\\\/li\\\/corpus\\\/\",\"url\":\"https:\\\/\\\/www.limburgs.org\\\/li\\\/corpus\\\/\",\"name\":\"Corpus- Limburgse taal & Limburgs dialect | Limburgs.org\",\"isPartOf\":{\"@id\":\"https:\\\/\\\/www.limburgs.org\\\/li\\\/#website\"},\"primaryImageOfPage\":{\"@id\":\"https:\\\/\\\/www.limburgs.org\\\/li\\\/corpus\\\/#primaryimage\"},\"image\":{\"@id\":\"https:\\\/\\\/www.limburgs.org\\\/li\\\/corpus\\\/#primaryimage\"},\"thumbnailUrl\":\"https:\\\/\\\/www.limburgs.org\\\/wp-content\\\/uploads\\\/2020\\\/04\\\/A-Corpus-Page-Identity-Image.png\",\"datePublished\":\"2020-04-02T13:28:13+00:00\",\"dateModified\":\"2024-07-13T19:17:17+00:00\",\"description\":\"Corpus - Non-profit organisatie die zorg draagt voor behoud en de verdere ontwikkeling van de Limburgse taal. Lees meer!\",\"breadcrumb\":{\"@id\":\"https:\\\/\\\/www.limburgs.org\\\/li\\\/corpus\\\/#breadcrumb\"},\"inLanguage\":\"li-NL\",\"potentialAction\":[{\"@type\":\"ReadAction\",\"target\":[\"https:\\\/\\\/www.limburgs.org\\\/li\\\/corpus\\\/\"]}]},{\"@type\":\"ImageObject\",\"inLanguage\":\"li-NL\",\"@id\":\"https:\\\/\\\/www.limburgs.org\\\/li\\\/corpus\\\/#primaryimage\",\"url\":\"https:\\\/\\\/www.limburgs.org\\\/wp-content\\\/uploads\\\/2020\\\/04\\\/A-Corpus-Page-Identity-Image.png\",\"contentUrl\":\"https:\\\/\\\/www.limburgs.org\\\/wp-content\\\/uploads\\\/2020\\\/04\\\/A-Corpus-Page-Identity-Image.png\"},{\"@type\":\"BreadcrumbList\",\"@id\":\"https:\\\/\\\/www.limburgs.org\\\/li\\\/corpus\\\/#breadcrumb\",\"itemListElement\":[{\"@type\":\"ListItem\",\"position\":1,\"name\":\"Home\",\"item\":\"https:\\\/\\\/www.limburgs.org\\\/li\\\/\"},{\"@type\":\"ListItem\",\"position\":2,\"name\":\"Corpus\"}]},{\"@type\":\"WebSite\",\"@id\":\"https:\\\/\\\/www.limburgs.org\\\/li\\\/#website\",\"url\":\"https:\\\/\\\/www.limburgs.org\\\/li\\\/\",\"name\":\"Limb&ouml;rgse Academie\",\"description\":\"\",\"publisher\":{\"@id\":\"https:\\\/\\\/www.limburgs.org\\\/li\\\/#organization\"},\"potentialAction\":[{\"@type\":\"SearchAction\",\"target\":{\"@type\":\"EntryPoint\",\"urlTemplate\":\"https:\\\/\\\/www.limburgs.org\\\/li\\\/?s={search_term_string}\"},\"query-input\":{\"@type\":\"PropertyValueSpecification\",\"valueRequired\":true,\"valueName\":\"search_term_string\"}}],\"inLanguage\":\"li-NL\"},{\"@type\":\"Organization\",\"@id\":\"https:\\\/\\\/www.limburgs.org\\\/li\\\/#organization\",\"name\":\"Limb\u00f6rgse Academie\",\"url\":\"https:\\\/\\\/www.limburgs.org\\\/li\\\/\",\"logo\":{\"@type\":\"ImageObject\",\"inLanguage\":\"li-NL\",\"@id\":\"https:\\\/\\\/www.limburgs.org\\\/li\\\/#\\\/schema\\\/logo\\\/image\\\/\",\"url\":\"https:\\\/\\\/www.limburgs.org\\\/wp-content\\\/uploads\\\/2020\\\/03\\\/logoSLA-small.png\",\"contentUrl\":\"https:\\\/\\\/www.limburgs.org\\\/wp-content\\\/uploads\\\/2020\\\/03\\\/logoSLA-small.png\",\"width\":1218,\"height\":554,\"caption\":\"Limb\u00f6rgse Academie\"},\"image\":{\"@id\":\"https:\\\/\\\/www.limburgs.org\\\/li\\\/#\\\/schema\\\/logo\\\/image\\\/\"}}]}<\/script>\n<!-- \/ Yoast SEO plugin. -->","yoast_head_json":{"title":"Corpus- Limburgse taal & Limburgs dialect | Limburgs.org","description":"Corpus - Non-profit organisatie die zorg draagt voor behoud en de verdere ontwikkeling van de Limburgse taal. Lees meer!","robots":{"index":"index","follow":"follow","max-snippet":"max-snippet:-1","max-image-preview":"max-image-preview:large","max-video-preview":"max-video-preview:-1"},"canonical":"https:\/\/www.limburgs.org\/li\/corpus\/","og_locale":"li_NL","og_type":"article","og_title":"Corpus- Limburgse taal & Limburgs dialect | Limburgs.org","og_description":"Corpus - Non-profit organisatie die zorg draagt voor behoud en de verdere ontwikkeling van de Limburgse taal. Lees meer!","og_url":"https:\/\/www.limburgs.org\/li\/corpus\/","og_site_name":"Limb&ouml;rgse Academie","article_modified_time":"2024-07-13T19:17:17+00:00","og_image":[{"url":"https:\/\/www.limburgs.org\/wp-content\/uploads\/2020\/04\/A-Corpus-Page-Identity-Image.png","type":"","width":"","height":""}],"twitter_card":"summary_large_image","twitter_misc":{"Est. reading time":"3 minutes"},"schema":{"@context":"https:\/\/schema.org","@graph":[{"@type":"WebPage","@id":"https:\/\/www.limburgs.org\/li\/corpus\/","url":"https:\/\/www.limburgs.org\/li\/corpus\/","name":"Corpus- Limburgse taal & Limburgs dialect | Limburgs.org","isPartOf":{"@id":"https:\/\/www.limburgs.org\/li\/#website"},"primaryImageOfPage":{"@id":"https:\/\/www.limburgs.org\/li\/corpus\/#primaryimage"},"image":{"@id":"https:\/\/www.limburgs.org\/li\/corpus\/#primaryimage"},"thumbnailUrl":"https:\/\/www.limburgs.org\/wp-content\/uploads\/2020\/04\/A-Corpus-Page-Identity-Image.png","datePublished":"2020-04-02T13:28:13+00:00","dateModified":"2024-07-13T19:17:17+00:00","description":"Corpus - Non-profit organisatie die zorg draagt voor behoud en de verdere ontwikkeling van de Limburgse taal. Lees meer!","breadcrumb":{"@id":"https:\/\/www.limburgs.org\/li\/corpus\/#breadcrumb"},"inLanguage":"li-NL","potentialAction":[{"@type":"ReadAction","target":["https:\/\/www.limburgs.org\/li\/corpus\/"]}]},{"@type":"ImageObject","inLanguage":"li-NL","@id":"https:\/\/www.limburgs.org\/li\/corpus\/#primaryimage","url":"https:\/\/www.limburgs.org\/wp-content\/uploads\/2020\/04\/A-Corpus-Page-Identity-Image.png","contentUrl":"https:\/\/www.limburgs.org\/wp-content\/uploads\/2020\/04\/A-Corpus-Page-Identity-Image.png"},{"@type":"BreadcrumbList","@id":"https:\/\/www.limburgs.org\/li\/corpus\/#breadcrumb","itemListElement":[{"@type":"ListItem","position":1,"name":"Home","item":"https:\/\/www.limburgs.org\/li\/"},{"@type":"ListItem","position":2,"name":"Corpus"}]},{"@type":"WebSite","@id":"https:\/\/www.limburgs.org\/li\/#website","url":"https:\/\/www.limburgs.org\/li\/","name":"Limb&ouml;rgse Academie","description":"","publisher":{"@id":"https:\/\/www.limburgs.org\/li\/#organization"},"potentialAction":[{"@type":"SearchAction","target":{"@type":"EntryPoint","urlTemplate":"https:\/\/www.limburgs.org\/li\/?s={search_term_string}"},"query-input":{"@type":"PropertyValueSpecification","valueRequired":true,"valueName":"search_term_string"}}],"inLanguage":"li-NL"},{"@type":"Organization","@id":"https:\/\/www.limburgs.org\/li\/#organization","name":"Limb\u00f6rgse Academie","url":"https:\/\/www.limburgs.org\/li\/","logo":{"@type":"ImageObject","inLanguage":"li-NL","@id":"https:\/\/www.limburgs.org\/li\/#\/schema\/logo\/image\/","url":"https:\/\/www.limburgs.org\/wp-content\/uploads\/2020\/03\/logoSLA-small.png","contentUrl":"https:\/\/www.limburgs.org\/wp-content\/uploads\/2020\/03\/logoSLA-small.png","width":1218,"height":554,"caption":"Limb\u00f6rgse Academie"},"image":{"@id":"https:\/\/www.limburgs.org\/li\/#\/schema\/logo\/image\/"}}]}},"_links":{"self":[{"href":"https:\/\/www.limburgs.org\/li\/wp-json\/wp\/v2\/pages\/478","targetHints":{"allow":["GET"]}}],"collection":[{"href":"https:\/\/www.limburgs.org\/li\/wp-json\/wp\/v2\/pages"}],"about":[{"href":"https:\/\/www.limburgs.org\/li\/wp-json\/wp\/v2\/types\/page"}],"author":[{"embeddable":true,"href":"https:\/\/www.limburgs.org\/li\/wp-json\/wp\/v2\/users\/1"}],"replies":[{"embeddable":true,"href":"https:\/\/www.limburgs.org\/li\/wp-json\/wp\/v2\/comments?post=478"}],"version-history":[{"count":5,"href":"https:\/\/www.limburgs.org\/li\/wp-json\/wp\/v2\/pages\/478\/revisions"}],"predecessor-version":[{"id":4224,"href":"https:\/\/www.limburgs.org\/li\/wp-json\/wp\/v2\/pages\/478\/revisions\/4224"}],"wp:attachment":[{"href":"https:\/\/www.limburgs.org\/li\/wp-json\/wp\/v2\/media?parent=478"}],"curies":[{"name":"wp","href":"https:\/\/api.w.org\/{rel}","templated":true}]}}