{"id":2201,"date":"2020-04-14T09:23:00","date_gmt":"2020-04-14T08:23:00","guid":{"rendered":"https:\/\/lbtaal.devlr.nl\/privacy-policy\/"},"modified":"2020-05-19T12:10:57","modified_gmt":"2020-05-19T11:10:57","slug":"privacybeleid","status":"publish","type":"page","link":"https:\/\/www.limburgs.org\/li\/privacybeleid\/","title":{"rendered":"Privacybeleid"},"content":{"rendered":"\t\t<div data-elementor-type=\"wp-page\" data-elementor-id=\"2201\" class=\"elementor elementor-2201 elementor-2197\" data-elementor-post-type=\"page\">\n\t\t\t\t\t\t<section class=\"elementor-section elementor-top-section elementor-element elementor-element-223c8c0 elementor-section-boxed elementor-section-height-default elementor-section-height-default\" data-id=\"223c8c0\" data-element_type=\"section\" data-e-type=\"section\">\n\t\t\t\t\t\t<div class=\"elementor-container elementor-column-gap-default\">\n\t\t\t\t\t<div class=\"elementor-column elementor-col-100 elementor-top-column elementor-element elementor-element-2a00dda\" data-id=\"2a00dda\" data-element_type=\"column\" data-e-type=\"column\">\n\t\t\t<div class=\"elementor-widget-wrap elementor-element-populated\">\n\t\t\t\t\t\t<div class=\"elementor-element elementor-element-114cd9e elementor-widget elementor-widget-spacer\" data-id=\"114cd9e\" data-element_type=\"widget\" data-e-type=\"widget\" data-widget_type=\"spacer.default\">\n\t\t\t\t<div class=\"elementor-widget-container\">\n\t\t\t\t\t\t\t<div class=\"elementor-spacer\">\n\t\t\t<div class=\"elementor-spacer-inner\"><\/div>\n\t\t<\/div>\n\t\t\t\t\t\t<\/div>\n\t\t\t\t<\/div>\n\t\t\t\t\t<\/div>\n\t\t<\/div>\n\t\t\t\t\t<\/div>\n\t\t<\/section>\n\t\t\t\t<section class=\"elementor-section elementor-top-section elementor-element elementor-element-9a6c99d elementor-section-boxed elementor-section-height-default elementor-section-height-default\" data-id=\"9a6c99d\" data-element_type=\"section\" data-e-type=\"section\">\n\t\t\t\t\t\t<div class=\"elementor-container elementor-column-gap-default\">\n\t\t\t\t\t<div class=\"elementor-column elementor-col-50 elementor-top-column elementor-element elementor-element-df9a889\" data-id=\"df9a889\" data-element_type=\"column\" data-e-type=\"column\">\n\t\t\t<div class=\"elementor-widget-wrap elementor-element-populated\">\n\t\t\t\t\t\t<div class=\"elementor-element elementor-element-1475bed elementor-widget-divider--view-line elementor-widget elementor-widget-divider\" data-id=\"1475bed\" data-element_type=\"widget\" data-e-type=\"widget\" data-widget_type=\"divider.default\">\n\t\t\t\t<div class=\"elementor-widget-container\">\n\t\t\t\t\t\t\t<div class=\"elementor-divider\">\n\t\t\t<span class=\"elementor-divider-separator\">\n\t\t\t\t\t\t<\/span>\n\t\t<\/div>\n\t\t\t\t\t\t<\/div>\n\t\t\t\t<\/div>\n\t\t\t\t\t<\/div>\n\t\t<\/div>\n\t\t\t\t<div class=\"elementor-column elementor-col-50 elementor-top-column elementor-element elementor-element-6d9e62c\" data-id=\"6d9e62c\" data-element_type=\"column\" data-e-type=\"column\">\n\t\t\t<div class=\"elementor-widget-wrap elementor-element-populated\">\n\t\t\t\t\t\t<div class=\"elementor-element elementor-element-050a561 elementor-widget-divider--view-line elementor-widget elementor-widget-divider\" data-id=\"050a561\" data-element_type=\"widget\" data-e-type=\"widget\" data-widget_type=\"divider.default\">\n\t\t\t\t<div class=\"elementor-widget-container\">\n\t\t\t\t\t\t\t<div class=\"elementor-divider\">\n\t\t\t<span class=\"elementor-divider-separator\">\n\t\t\t\t\t\t<\/span>\n\t\t<\/div>\n\t\t\t\t\t\t<\/div>\n\t\t\t\t<\/div>\n\t\t\t\t\t<\/div>\n\t\t<\/div>\n\t\t\t\t\t<\/div>\n\t\t<\/section>\n\t\t\t\t<section class=\"elementor-section elementor-top-section elementor-element elementor-element-4a9fa09 elementor-section-boxed elementor-section-height-default elementor-section-height-default\" data-id=\"4a9fa09\" data-element_type=\"section\" data-e-type=\"section\">\n\t\t\t\t\t\t<div class=\"elementor-container elementor-column-gap-default\">\n\t\t\t\t\t<div class=\"elementor-column elementor-col-100 elementor-top-column elementor-element elementor-element-247e688\" data-id=\"247e688\" data-element_type=\"column\" data-e-type=\"column\">\n\t\t\t<div class=\"elementor-widget-wrap elementor-element-populated\">\n\t\t\t\t\t\t<div class=\"elementor-element elementor-element-a8b3491 elementor-widget elementor-widget-heading\" data-id=\"a8b3491\" data-element_type=\"widget\" data-e-type=\"widget\" data-widget_type=\"heading.default\">\n\t\t\t\t<div class=\"elementor-widget-container\">\n\t\t\t\t\t<h2 class=\"elementor-heading-title elementor-size-default\">Privacybeleid<\/h2>\t\t\t\t<\/div>\n\t\t\t\t<\/div>\n\t\t\t\t\t<\/div>\n\t\t<\/div>\n\t\t\t\t\t<\/div>\n\t\t<\/section>\n\t\t\t\t<section class=\"elementor-section elementor-top-section elementor-element elementor-element-8dbc187 elementor-section-boxed elementor-section-height-default elementor-section-height-default\" data-id=\"8dbc187\" data-element_type=\"section\" data-e-type=\"section\">\n\t\t\t\t\t\t<div class=\"elementor-container elementor-column-gap-default\">\n\t\t\t\t\t<div class=\"elementor-column elementor-col-50 elementor-top-column elementor-element elementor-element-95d5aa3\" data-id=\"95d5aa3\" data-element_type=\"column\" data-e-type=\"column\">\n\t\t\t<div class=\"elementor-widget-wrap elementor-element-populated\">\n\t\t\t\t\t\t<div class=\"elementor-element elementor-element-bb71546 elementor-widget-divider--view-line elementor-widget elementor-widget-divider\" data-id=\"bb71546\" data-element_type=\"widget\" data-e-type=\"widget\" data-widget_type=\"divider.default\">\n\t\t\t\t<div class=\"elementor-widget-container\">\n\t\t\t\t\t\t\t<div class=\"elementor-divider\">\n\t\t\t<span class=\"elementor-divider-separator\">\n\t\t\t\t\t\t<\/span>\n\t\t<\/div>\n\t\t\t\t\t\t<\/div>\n\t\t\t\t<\/div>\n\t\t\t\t\t<\/div>\n\t\t<\/div>\n\t\t\t\t<div class=\"elementor-column elementor-col-50 elementor-top-column elementor-element elementor-element-90f5254\" data-id=\"90f5254\" data-element_type=\"column\" data-e-type=\"column\">\n\t\t\t<div class=\"elementor-widget-wrap elementor-element-populated\">\n\t\t\t\t\t\t<div class=\"elementor-element elementor-element-7fbcff2 elementor-widget-divider--view-line elementor-widget elementor-widget-divider\" data-id=\"7fbcff2\" data-element_type=\"widget\" data-e-type=\"widget\" data-widget_type=\"divider.default\">\n\t\t\t\t<div class=\"elementor-widget-container\">\n\t\t\t\t\t\t\t<div class=\"elementor-divider\">\n\t\t\t<span class=\"elementor-divider-separator\">\n\t\t\t\t\t\t<\/span>\n\t\t<\/div>\n\t\t\t\t\t\t<\/div>\n\t\t\t\t<\/div>\n\t\t\t\t\t<\/div>\n\t\t<\/div>\n\t\t\t\t\t<\/div>\n\t\t<\/section>\n\t\t\t\t<section class=\"elementor-section elementor-top-section elementor-element elementor-element-a2af0cf elementor-section-boxed elementor-section-height-default elementor-section-height-default\" data-id=\"a2af0cf\" data-element_type=\"section\" data-e-type=\"section\">\n\t\t\t\t\t\t<div class=\"elementor-container elementor-column-gap-default\">\n\t\t\t\t\t<div class=\"elementor-column elementor-col-100 elementor-top-column elementor-element elementor-element-38d8b77\" data-id=\"38d8b77\" data-element_type=\"column\" data-e-type=\"column\">\n\t\t\t<div class=\"elementor-widget-wrap elementor-element-populated\">\n\t\t\t\t\t\t<div class=\"elementor-element elementor-element-15a6ea2 elementor-widget elementor-widget-text-editor\" data-id=\"15a6ea2\" data-element_type=\"widget\" data-e-type=\"widget\" data-widget_type=\"text-editor.default\">\n\t\t\t\t<div class=\"elementor-widget-container\">\n\t\t\t\t\t\t\t\t\t<p>De Stiechting Limb\u00f6rgse Academie deit al draon veur eur privacy te waorb\u00f6rge en deveur te z\u00f6rge tot m\u00e8t z\u00f6rg m\u00e8t persoensgegeves weurt umgegaange, in euvereinstumming m\u00e8t de vereiste vaan de <em>Algemene Verordening Gegevensbescherming<\/em> (AVG) en de <em>Uitvoeringswet Algemene Verordening Gegevensbescherming<\/em> (UAVG). In dees privacyverklaoring l\u00e8gke veer oeterein wie veer eur rechte op groond vaan de AVG en de UAVG waorb\u00f6rge.<\/p><h2 class=\"headline2\">Kontakgegeves verw\u00e8rkingsverantwoordeleke<\/h2><p>Stichting Limb\u00f6rgse Academie<br \/>eposadres: sikkertares@www.limburgs.org<br \/>eposadres: penningmeister@www.limburgs.org<br \/>website: www.limburgs.org<br \/>Insjrievingsn\u00f3mmer Kamer vaan Kouphandel: 14094061<br \/>Op aonvraog sjikke veer uuch es zoe gewins e riggeleer posadres touw.<\/p><h2 class=\"headline2\">Doel verzameling persoensgegeves<\/h2><p>Veur \u2019t Limburgse Corpus Dictionair projek verzamele veer persoensgegeves die nudeg zien veur \u2019t projek oet te veure. V\u00e4\u00f6l persoensgegeves zien extra informatie (\u2018metadata\u2019), die touwgevoog weure aon Limburgstaolege tekste. Dit h\u00f6lp us um tekste m\u00e8t stattistieke methodes beter te analysere veur zoe taolgebruuk te kinne oonderzeuke.<\/p><h2 class=\"headline2\">Op basis vaan wat veur groondsleeg verw\u00e8rk de Limb\u00f6rgse Academie persoensgegeves?<\/h2><p>De Limb\u00f6rgse Academie verw\u00e8rk persoensgegeves allein es \u2019t \u2019ne rechmaotege groondslaag gief. Veer verzamele inkel en allein die persoensgegeves die es minimum nudeg zien veur eus projek oet te veure, op groond vaan gengege weitesjappeleke riechlijne. De persoensgegeves weure op basis vaan de volgende doelindes verw\u00e8rk:<\/p><ul><li>um rillevante data te verzamele veur (specefiek) weitesjappelek oonderzeuk;<\/li><li>um m\u00e8t uuch in kontak te zien door \u2019t versjikke vaan electronische nuitsbreve, eposberiechskes en\/of de riggeleer pos;<\/li><li>um eur vraoge te beantwoorde via sociaol media, eposberiech, riggeleer pos of t\u00e8llefonisch;<\/li><li>umtot geer touwstumming deveur gef.<\/li><\/ul><p>Es de Limb\u00f6rgse Academie persoensgegeves verw\u00e8rk op basis vaan eur touwstumming daan h\u00f6b geer ummertouw \u2019t rech dees weer in te tr\u00e8kke. G\u2019r kint heiveur kontak opnumme via de kontakgegeves vermeld bovenaon dees privacyverklaoring.<\/p><h2 class=\"headline2\">Wat veur persoensgegeves l\u00e8gk de Limb\u00f6rgse Academie vas?<\/h2><p>Veer l\u00e8gke allein \u2018gewoen persoensgegeves\u2019 vas. Dit zien biografische gegeves wie naom, geslach, geboortendaotum, geboorteplaots, geboorteland, dialeklocatie vaan de gebruukde sjrieftaol en plaots basissjaol. Ouch verzamele veer kontakgegeves wie adres, woenplaots, (mobiel) t\u00e8llefoonn\u00f3mmer, website en eposadres.<\/p><h2 class=\"headline2\">Boeveur gebruuk of verw\u00e8rk de Limburgse Academie persoensgegeves?<\/h2><p>\u2019t Biografisch deil vaan de persoensgegeves weurt wijer gebruuk veur weitesjappelek oonderzeuk. De biografische gegeves weure touwgevoog aon tekste vaan de auteurs um op basis vaan stattistische verben beter inziech te kriege in taolgebruuk.<br \/>\u2019t Deil kontakgegeves vaan de persoensgegeves weurt gebruuk door m\u00e8tw\u00e8rkers vaan de Limb\u00f6rgse Academie um kontak m\u00e8t auteurs en auteursrechh\u00f6bbende te oonderhawwe.<\/p><h2 class=\"headline2\">Beveileging vaan persoensgegeves<\/h2><p>De Limb\u00f6rgse Academie beveileg alle persoensgegeves um misbruuk en ongeotoriseerden touwgaank tot persoensgegeves te veurkoume. Heiveur h\u00f6bbe v\u2019r de volgende maotregele getroffe:<\/p><ul><li>beveileging volges courante data privacy software;<\/li><li>opslaag data in Microsoft 065 umgevinge volges Microsoft data security en privacy protocolle;<\/li><li>pseudonimisering en\/of encryptie es daotouw aonleiing besteit;<\/li><li>verw\u00e8rkers en m\u00e8tw\u00e8rkers die touwgaank h\u00f6bbe tot eus database (touwgaankh\u00f6bbende) zien m\u00e8t e kontrak geboonde aon besjerming en geheimhajding;<\/li><li>regelmaoteg teste en evaluere vaan eus beveilegingsmaotregele.<\/li><\/ul><h2 class=\"headline2\">Bewaortermien persoensgegeves<\/h2><p>In princiep weure persoensgegeves neet langer bewaord es abseluut noedzakelek veur \u2019t verwezeleke vaan \u2019t doel boeveur zie weure verzameld. Dit gelt veural veur kontakgegeves. In gevalle boe spraoke is vaan weitesjappelek oonderzeuk of stattistische doelindes kinne conform de AVG persoensgegeves veur langeren tied weure opgeslage. Dit is m\u00e8t naome \u2019t geval veur biografische gegeves. Conform de AVG zal de Limb\u00f6rgse Academie passende technische en organisatorische maotregele treffe veur eur rechte te besjerme.<\/p><h2 class=\"headline2\">Wijergeving aon daarde<\/h2><p>Allein es heitouw \u2019ne w\u00e8tteleke groondslaag besteit, zoe wie op groond vaan artikel 6 AVG, kint de Limb\u00f6rgse Academie eur persoensgegeves aon daarde wijergeve. Op \u2019t momint tot de Limb\u00f6rgse Academie eur gegeves aon \u2019nen daarde wijergief, waorb\u00f6rg zie eur privacyrechte oonder andere door \u2019n verw\u00e8rkingseuvereinkoms aof te slete, boe-in aofspraoke weure gemaak wie m\u00e8t eur persoensgegeves um te goon.<\/p><h2 class=\"headline2\">Oetoefening vaan eur privacyrechte<\/h2><p>Geer kint e verzeuk bij de Limb\u00f6rgse Academie indene veur de oetoefening vaan naovolgende rechte:<\/p><ul><li>inzage vaan eur persoensgegeves;<\/li><li>rectificatie en\/of aonv\u00f6lling vaan eur persoensgegeves;<\/li><li>eweghole vaan eur persoensgegeves;<\/li><li>beperke vaan de verw\u00e8rking vaan eur persoensgegeves;<\/li><li>gegeveseuverdraagbaarheid;<\/li><li>bezwoer.<\/li><\/ul><p>Es eur persoensgegeves weure verw\u00e8rk m\u00e8t oonder aandere \u2019t oug op weitesjappelek oonderzeuk of stattistische doelindes daan st\u00e8lt de UAVG beperkinge oonder mie op eur rech vaan inzage, rectificatie, beperking vaan de verw\u00e8rking en rech op bezwoer. Veur de Limb\u00f6rgse Academie gelt daoneve tot de melpliech aon betrokkene binne deze c\u00f3nteks neet zoonder mie gelt.<\/p><h2 class=\"headline2\"><em>Autoriteit Persoonsgegevens<\/em><\/h2><p>Es geer \u2019n klach h\u00f6b euver wie de Limb\u00f6rgse Academie eur persoensgegeves verw\u00e8rk, daan zeuke veer gere same m\u00e8t uuch nao \u2019n oplossing. Moch geer neet content zien m\u00e8t de aongebooje oplossing daan h\u00f6b geer op groond vaan de AVG \u2019t rech um bij de <em>Autoriteit persoonsgegevens<\/em> \u2019n klach in te dene.<\/p><h2 class=\"headline2\">Touwgaankelekheid privacyverklaoring<\/h2><p>Dees privacyverklaoring zal via euze website touwgaankelek zien en op aonvraog via bovestaonde kontakgegeves.<\/p><h2 class=\"headline2\">Veraandering vaan dees privacyverklaoring<\/h2><p>Dees privacyverklaoring kint veraanderd weure. Veraanderinge goon ummertouw in euvereinstumming zien m\u00e8t de AVG, de UAVG en de dao-oet veurtkoumende privacyregels. Dees veraanderinge zalle ummertouw via euze website gepubliceerd weure.<\/p><h2 class=\"headline2\">Cookies<\/h2><p>De Limb\u00f6rgse Academie kint vaan cookies gebruuk make in zoe wied die noedzakelek zien veur de w\u00e8rking vaan de website en um de kwalliteit of effectiviteit vaan de website te beloere.<\/p><h2 class=\"headline2\">Inw\u00e8rkingtrejjing<\/h2><p>Dees versie vaan de privacyverklaoring vaan de Limb\u00f6rgse Academie is op 15 mei 2020 in w\u00e8rking getrooje.<\/p>\t\t\t\t\t\t\t\t<\/div>\n\t\t\t\t<\/div>\n\t\t\t\t\t<\/div>\n\t\t<\/div>\n\t\t\t\t\t<\/div>\n\t\t<\/section>\n\t\t\t\t<\/div>\n\t\t","protected":false},"excerpt":{"rendered":"<p>Privacybeleid De Stiechting Limb\u00f6rgse Academie deit al draon veur eur privacy te waorb\u00f6rge en deveur te z\u00f6rge tot m\u00e8t z\u00f6rg m\u00e8t persoensgegeves weurt umgegaange, in euvereinstumming m\u00e8t de vereiste vaan de Algemene Verordening Gegevensbescherming (AVG) en de Uitvoeringswet Algemene Verordening Gegevensbescherming (UAVG). In dees privacyverklaoring l\u00e8gke veer oeterein wie veer eur rechte op groond vaan [&hellip;]<\/p>\n","protected":false},"author":1,"featured_media":0,"parent":0,"menu_order":0,"comment_status":"closed","ping_status":"closed","template":"","meta":{"footnotes":""},"class_list":["post-2201","page","type-page","status-publish","hentry"],"yoast_head":"<!-- This site is optimized with the Yoast SEO plugin v27.3 - https:\/\/yoast.com\/product\/yoast-seo-wordpress\/ -->\n<title>Privacybeleid- Limburgse taal &amp; Limburgs dialect | Limburgs.org<\/title>\n<meta name=\"description\" content=\"Privacybeleid - Non-profit organisatie die zorg draagt voor behoud en de verdere ontwikkeling van de Limburgse taal. Lees meer!\" \/>\n<meta name=\"robots\" content=\"index, follow, max-snippet:-1, max-image-preview:large, max-video-preview:-1\" \/>\n<link rel=\"canonical\" href=\"https:\/\/www.limburgs.org\/li\/privacybeleid\/\" \/>\n<meta property=\"og:locale\" content=\"li_NL\" \/>\n<meta property=\"og:type\" content=\"article\" \/>\n<meta property=\"og:title\" content=\"Privacybeleid- Limburgse taal &amp; Limburgs dialect | Limburgs.org\" \/>\n<meta property=\"og:description\" content=\"Privacybeleid - Non-profit organisatie die zorg draagt voor behoud en de verdere ontwikkeling van de Limburgse taal. Lees meer!\" \/>\n<meta property=\"og:url\" content=\"https:\/\/www.limburgs.org\/li\/privacybeleid\/\" \/>\n<meta property=\"og:site_name\" content=\"Limb&ouml;rgse Academie\" \/>\n<meta property=\"article:modified_time\" content=\"2020-05-19T11:10:57+00:00\" \/>\n<meta name=\"twitter:card\" content=\"summary_large_image\" \/>\n<meta name=\"twitter:label1\" content=\"Est. reading time\" \/>\n\t<meta name=\"twitter:data1\" content=\"5 minutes\" \/>\n<script type=\"application\/ld+json\" class=\"yoast-schema-graph\">{\"@context\":\"https:\\\/\\\/schema.org\",\"@graph\":[{\"@type\":\"WebPage\",\"@id\":\"https:\\\/\\\/www.limburgs.org\\\/li\\\/privacybeleid\\\/\",\"url\":\"https:\\\/\\\/www.limburgs.org\\\/li\\\/privacybeleid\\\/\",\"name\":\"Privacybeleid- Limburgse taal & Limburgs dialect | Limburgs.org\",\"isPartOf\":{\"@id\":\"https:\\\/\\\/www.limburgs.org\\\/li\\\/#website\"},\"datePublished\":\"2020-04-14T08:23:00+00:00\",\"dateModified\":\"2020-05-19T11:10:57+00:00\",\"description\":\"Privacybeleid - Non-profit organisatie die zorg draagt voor behoud en de verdere ontwikkeling van de Limburgse taal. Lees meer!\",\"breadcrumb\":{\"@id\":\"https:\\\/\\\/www.limburgs.org\\\/li\\\/privacybeleid\\\/#breadcrumb\"},\"inLanguage\":\"li-NL\",\"potentialAction\":[{\"@type\":\"ReadAction\",\"target\":[\"https:\\\/\\\/www.limburgs.org\\\/li\\\/privacybeleid\\\/\"]}]},{\"@type\":\"BreadcrumbList\",\"@id\":\"https:\\\/\\\/www.limburgs.org\\\/li\\\/privacybeleid\\\/#breadcrumb\",\"itemListElement\":[{\"@type\":\"ListItem\",\"position\":1,\"name\":\"Home\",\"item\":\"https:\\\/\\\/www.limburgs.org\\\/li\\\/\"},{\"@type\":\"ListItem\",\"position\":2,\"name\":\"Privacybeleid\"}]},{\"@type\":\"WebSite\",\"@id\":\"https:\\\/\\\/www.limburgs.org\\\/li\\\/#website\",\"url\":\"https:\\\/\\\/www.limburgs.org\\\/li\\\/\",\"name\":\"Limb&ouml;rgse Academie\",\"description\":\"\",\"publisher\":{\"@id\":\"https:\\\/\\\/www.limburgs.org\\\/li\\\/#organization\"},\"potentialAction\":[{\"@type\":\"SearchAction\",\"target\":{\"@type\":\"EntryPoint\",\"urlTemplate\":\"https:\\\/\\\/www.limburgs.org\\\/li\\\/?s={search_term_string}\"},\"query-input\":{\"@type\":\"PropertyValueSpecification\",\"valueRequired\":true,\"valueName\":\"search_term_string\"}}],\"inLanguage\":\"li-NL\"},{\"@type\":\"Organization\",\"@id\":\"https:\\\/\\\/www.limburgs.org\\\/li\\\/#organization\",\"name\":\"Limb\u00f6rgse Academie\",\"url\":\"https:\\\/\\\/www.limburgs.org\\\/li\\\/\",\"logo\":{\"@type\":\"ImageObject\",\"inLanguage\":\"li-NL\",\"@id\":\"https:\\\/\\\/www.limburgs.org\\\/li\\\/#\\\/schema\\\/logo\\\/image\\\/\",\"url\":\"https:\\\/\\\/www.limburgs.org\\\/wp-content\\\/uploads\\\/2020\\\/03\\\/logoSLA-small.png\",\"contentUrl\":\"https:\\\/\\\/www.limburgs.org\\\/wp-content\\\/uploads\\\/2020\\\/03\\\/logoSLA-small.png\",\"width\":1218,\"height\":554,\"caption\":\"Limb\u00f6rgse Academie\"},\"image\":{\"@id\":\"https:\\\/\\\/www.limburgs.org\\\/li\\\/#\\\/schema\\\/logo\\\/image\\\/\"}}]}<\/script>\n<!-- \/ Yoast SEO plugin. -->","yoast_head_json":{"title":"Privacybeleid- Limburgse taal & Limburgs dialect | Limburgs.org","description":"Privacybeleid - Non-profit organisatie die zorg draagt voor behoud en de verdere ontwikkeling van de Limburgse taal. Lees meer!","robots":{"index":"index","follow":"follow","max-snippet":"max-snippet:-1","max-image-preview":"max-image-preview:large","max-video-preview":"max-video-preview:-1"},"canonical":"https:\/\/www.limburgs.org\/li\/privacybeleid\/","og_locale":"li_NL","og_type":"article","og_title":"Privacybeleid- Limburgse taal & Limburgs dialect | Limburgs.org","og_description":"Privacybeleid - Non-profit organisatie die zorg draagt voor behoud en de verdere ontwikkeling van de Limburgse taal. Lees meer!","og_url":"https:\/\/www.limburgs.org\/li\/privacybeleid\/","og_site_name":"Limb&ouml;rgse Academie","article_modified_time":"2020-05-19T11:10:57+00:00","twitter_card":"summary_large_image","twitter_misc":{"Est. reading time":"5 minutes"},"schema":{"@context":"https:\/\/schema.org","@graph":[{"@type":"WebPage","@id":"https:\/\/www.limburgs.org\/li\/privacybeleid\/","url":"https:\/\/www.limburgs.org\/li\/privacybeleid\/","name":"Privacybeleid- Limburgse taal & Limburgs dialect | Limburgs.org","isPartOf":{"@id":"https:\/\/www.limburgs.org\/li\/#website"},"datePublished":"2020-04-14T08:23:00+00:00","dateModified":"2020-05-19T11:10:57+00:00","description":"Privacybeleid - Non-profit organisatie die zorg draagt voor behoud en de verdere ontwikkeling van de Limburgse taal. Lees meer!","breadcrumb":{"@id":"https:\/\/www.limburgs.org\/li\/privacybeleid\/#breadcrumb"},"inLanguage":"li-NL","potentialAction":[{"@type":"ReadAction","target":["https:\/\/www.limburgs.org\/li\/privacybeleid\/"]}]},{"@type":"BreadcrumbList","@id":"https:\/\/www.limburgs.org\/li\/privacybeleid\/#breadcrumb","itemListElement":[{"@type":"ListItem","position":1,"name":"Home","item":"https:\/\/www.limburgs.org\/li\/"},{"@type":"ListItem","position":2,"name":"Privacybeleid"}]},{"@type":"WebSite","@id":"https:\/\/www.limburgs.org\/li\/#website","url":"https:\/\/www.limburgs.org\/li\/","name":"Limb&ouml;rgse Academie","description":"","publisher":{"@id":"https:\/\/www.limburgs.org\/li\/#organization"},"potentialAction":[{"@type":"SearchAction","target":{"@type":"EntryPoint","urlTemplate":"https:\/\/www.limburgs.org\/li\/?s={search_term_string}"},"query-input":{"@type":"PropertyValueSpecification","valueRequired":true,"valueName":"search_term_string"}}],"inLanguage":"li-NL"},{"@type":"Organization","@id":"https:\/\/www.limburgs.org\/li\/#organization","name":"Limb\u00f6rgse Academie","url":"https:\/\/www.limburgs.org\/li\/","logo":{"@type":"ImageObject","inLanguage":"li-NL","@id":"https:\/\/www.limburgs.org\/li\/#\/schema\/logo\/image\/","url":"https:\/\/www.limburgs.org\/wp-content\/uploads\/2020\/03\/logoSLA-small.png","contentUrl":"https:\/\/www.limburgs.org\/wp-content\/uploads\/2020\/03\/logoSLA-small.png","width":1218,"height":554,"caption":"Limb\u00f6rgse Academie"},"image":{"@id":"https:\/\/www.limburgs.org\/li\/#\/schema\/logo\/image\/"}}]}},"_links":{"self":[{"href":"https:\/\/www.limburgs.org\/li\/wp-json\/wp\/v2\/pages\/2201","targetHints":{"allow":["GET"]}}],"collection":[{"href":"https:\/\/www.limburgs.org\/li\/wp-json\/wp\/v2\/pages"}],"about":[{"href":"https:\/\/www.limburgs.org\/li\/wp-json\/wp\/v2\/types\/page"}],"author":[{"embeddable":true,"href":"https:\/\/www.limburgs.org\/li\/wp-json\/wp\/v2\/users\/1"}],"replies":[{"embeddable":true,"href":"https:\/\/www.limburgs.org\/li\/wp-json\/wp\/v2\/comments?post=2201"}],"version-history":[{"count":5,"href":"https:\/\/www.limburgs.org\/li\/wp-json\/wp\/v2\/pages\/2201\/revisions"}],"predecessor-version":[{"id":3581,"href":"https:\/\/www.limburgs.org\/li\/wp-json\/wp\/v2\/pages\/2201\/revisions\/3581"}],"wp:attachment":[{"href":"https:\/\/www.limburgs.org\/li\/wp-json\/wp\/v2\/media?parent=2201"}],"curies":[{"name":"wp","href":"https:\/\/api.w.org\/{rel}","templated":true}]}}